{"id":6800,"date":"2022-03-27T14:30:02","date_gmt":"2022-03-27T14:30:02","guid":{"rendered":"https:\/\/anomera.ca\/termes-et-conditions\/"},"modified":"2024-06-26T22:37:22","modified_gmt":"2024-06-26T22:37:22","slug":"termes-et-conditions","status":"publish","type":"page","link":"https:\/\/anomera.ca\/fr\/termes-et-conditions\/","title":{"rendered":"Termes et conditions"},"content":{"rendered":"\t\t<div data-elementor-type=\"wp-page\" data-elementor-id=\"6800\" class=\"elementor elementor-6800 elementor-4285\">\n\t\t\t\t\t\t<section class=\"elementor-section elementor-top-section elementor-element elementor-element-0c2aafd elementor-section-boxed elementor-section-height-default elementor-section-height-default\" data-id=\"0c2aafd\" data-element_type=\"section\">\n\t\t\t\t\t\t<div class=\"elementor-container elementor-column-gap-default\">\n\t\t\t\t\t<div class=\"elementor-column elementor-col-100 elementor-top-column elementor-element elementor-element-6198214\" data-id=\"6198214\" data-element_type=\"column\">\n\t\t\t<div class=\"elementor-widget-wrap elementor-element-populated\">\n\t\t\t\t\t\t<div class=\"elementor-element elementor-element-28cfc88 elementor-widget elementor-widget-spacer\" data-id=\"28cfc88\" data-element_type=\"widget\" data-widget_type=\"spacer.default\">\n\t\t\t\t<div class=\"elementor-widget-container\">\n\t\t\t\t\t\t\t<div class=\"elementor-spacer\">\n\t\t\t<div class=\"elementor-spacer-inner\"><\/div>\n\t\t<\/div>\n\t\t\t\t\t\t<\/div>\n\t\t\t\t<\/div>\n\t\t\t\t\t<\/div>\n\t\t<\/div>\n\t\t\t\t\t<\/div>\n\t\t<\/section>\n\t\t\t\t<section class=\"elementor-section elementor-top-section elementor-element elementor-element-50fa53c elementor-section-boxed elementor-section-height-default elementor-section-height-default\" data-id=\"50fa53c\" data-element_type=\"section\">\n\t\t\t\t\t\t<div class=\"elementor-container elementor-column-gap-default\">\n\t\t\t\t\t<div class=\"elementor-column elementor-col-100 elementor-top-column elementor-element elementor-element-8610e7e\" data-id=\"8610e7e\" data-element_type=\"column\">\n\t\t\t<div class=\"elementor-widget-wrap elementor-element-populated\">\n\t\t\t\t\t\t<div class=\"elementor-element elementor-element-53b0890 elementor-widget elementor-widget-heading\" data-id=\"53b0890\" data-element_type=\"widget\" data-widget_type=\"heading.default\">\n\t\t\t\t<div class=\"elementor-widget-container\">\n\t\t\t\t\t<h2 class=\"elementor-heading-title elementor-size-default\">CONDITIONS DE VENTE<\/h2>\t\t\t\t<\/div>\n\t\t\t\t<\/div>\n\t\t\t\t<div class=\"elementor-element elementor-element-a7a5031 elementor-widget elementor-widget-text-editor\" data-id=\"a7a5031\" data-element_type=\"widget\" data-widget_type=\"text-editor.default\">\n\t\t\t\t<div class=\"elementor-widget-container\">\n\t\t\t\t\t\t\t\t\t<p>Derni\u00e8re mise \u00e0 jour : octobre 2019<\/p>\n\t\t\t\t\t\t\t\t<\/div>\n\t\t\t\t<\/div>\n\t\t\t\t<div class=\"elementor-element elementor-element-b49082c elementor-widget elementor-widget-text-editor\" data-id=\"b49082c\" data-element_type=\"widget\" data-widget_type=\"text-editor.default\">\n\t\t\t\t<div class=\"elementor-widget-container\">\n\t\t\t\t\t\t\t\t\t<p>En visitant notre site et\/ou en achetant quelque chose chez nous, vous vous engagez dans notre \u00ab\u00a0service\u00a0\u00bb et acceptez d&rsquo;\u00eatre li\u00e9 par les conditions g\u00e9n\u00e9rales suivantes (\u00ab\u00a0Conditions de vente\u00a0\u00bb, \u00ab\u00a0Conditions\u00a0\u00bb), y compris les conditions g\u00e9n\u00e9rales et les politiques suppl\u00e9mentaires qui y sont r\u00e9f\u00e9renc\u00e9es et\/ou qui sont disponibles par hyperlien.<\/p>\n<p>Nous proposons \u00e0 la vente un produit \u00e0 base de nanocristaux de cellulose (\u00ab\u00a0DextraCel\u00ae\u00a0\u00bb) sous forme de suspension liquide ou de poudre. Le DextraCel\u00ae est propos\u00e9 uniquement \u00e0 des fins d&rsquo;\u00e9valuation et de d\u00e9veloppement d&rsquo;applications (l'\u00a0\u00bbobjectif\u00a0\u00bb), comme indiqu\u00e9 dans le pr\u00e9sent document. Lorsque vous achetez du mat\u00e9riel, nous vous fournissons les donn\u00e9es des tests d&rsquo;assurance qualit\u00e9 (CoA) du lot de production achet\u00e9 (\u00ab\u00a0informations\u00a0\u00bb).<\/p>\n<p>Anomera garantit que ses produits seront, au moment de la livraison, conformes \u00e0 la description de ces produits telle qu&rsquo;elle vous est fournie par les donn\u00e9es analytiques d&rsquo;Anomera ou par d&rsquo;autres documents en vigueur \u00e0 ce moment-l\u00e0. Nous ne garantissons pas que la qualit\u00e9 des produits, services, informations ou autres mat\u00e9riels achet\u00e9s ou obtenus par vous r\u00e9pondra \u00e0 vos attentes.<\/p>\n<p>En acceptant ces conditions, vous comprenez que le DextraCelTM est fourni en l&rsquo;\u00e9tat, sans garantie de qualit\u00e9 marchande ou d&rsquo;ad\u00e9quation \u00e0 un usage particulier, ni aucune autre garantie, expresse ou implicite. Vous acceptez de nous indemniser et de nous tenir \u00e0 l&rsquo;\u00e9cart de toute r\u00e9clamation ou responsabilit\u00e9 pouvant r\u00e9sulter de l&rsquo;utilisation, de la mauvaise utilisation ou du stockage du DextraCel\u00ae, sauf dans la mesure o\u00f9 ces r\u00e9clamations ou responsabilit\u00e9s sont dues \u00e0 une n\u00e9gligence grave ou \u00e0 une faute intentionnelle de notre part.<\/p>\n<p>L&rsquo;achat du DextraCel ne conf\u00e8re \u00e0 l&rsquo;acheteur ou \u00e0 l&rsquo;utilisateur du mat\u00e9riel aucun droit de propri\u00e9t\u00e9 intellectuelle ni aucun droit en vertu d&rsquo;un brevet, d&rsquo;une marque, d&rsquo;un droit d&rsquo;auteur ou d&rsquo;un secret commercial. Aucune licence n&rsquo;est propos\u00e9e ou accord\u00e9e.<\/p>\n<p>Une fois la commande pass\u00e9e, toute modification de la commande ne peut \u00eatre effectu\u00e9e qu&rsquo;avec l&rsquo;accord \u00e9crit pr\u00e9alable d&rsquo;Anomera et ces modifications peuvent n\u00e9cessiter des conditions diff\u00e9rentes, y compris une modification du prix et\/ou du d\u00e9lai de livraison. Une fois la commande soumise, vous ne pouvez pas l&rsquo;annuler \u00e0 moins que l&rsquo;annulation ne soit express\u00e9ment approuv\u00e9e par Anomera par \u00e9crit, cette approbation pouvant \u00eatre subordonn\u00e9e au paiement par vous des co\u00fbts ou autres frais d&rsquo;Anomera, y compris, mais sans s&rsquo;y limiter, les co\u00fbts de stockage et d&rsquo;exp\u00e9dition, les co\u00fbts de production de mat\u00e9riaux non standard, les co\u00fbts d&rsquo;achat de mat\u00e9riaux non retournables et tous les autres co\u00fbts r\u00e9sultant de l&rsquo;annulation.<\/p>\n<p>Les incoterms de livraison sont Ex Works, sauf indication contraire. L&rsquo;acheteur est responsable du d\u00e9douanement \u00e0 l&rsquo;importation et de toutes les taxes locales ou droits d&rsquo;importation applicables.<\/p>\n<p>Les pr\u00e9sentes conditions de service sont en vigueur jusqu&rsquo;\u00e0 leur r\u00e9siliation par vous ou par nous. Vous pouvez r\u00e9silier les pr\u00e9sentes conditions \u00e0 tout moment en nous informant que vous ne souhaitez plus utiliser notre produit, ou lorsque vous cessez d&rsquo;utiliser notre produit. Les obligations et responsabilit\u00e9s des parties contract\u00e9es avant la date de r\u00e9siliation survivront \u00e0 la r\u00e9siliation du pr\u00e9sent accord \u00e0 toutes fins utiles.<\/p>\n<p>Les pr\u00e9sentes conditions sont r\u00e9gies par les lois du Qu\u00e9bec, Canada, et tout litige est soumis uniquement aux lois du Qu\u00e9bec.<\/p>\n\t\t\t\t\t\t\t\t<\/div>\n\t\t\t\t<\/div>\n\t\t\t\t\t<\/div>\n\t\t<\/div>\n\t\t\t\t\t<\/div>\n\t\t<\/section>\n\t\t\t\t<section class=\"elementor-section elementor-top-section elementor-element elementor-element-5af7154 elementor-section-boxed elementor-section-height-default elementor-section-height-default\" data-id=\"5af7154\" data-element_type=\"section\">\n\t\t\t\t\t\t<div class=\"elementor-container elementor-column-gap-default\">\n\t\t\t\t\t<div class=\"elementor-column elementor-col-100 elementor-top-column elementor-element elementor-element-229f4c0\" data-id=\"229f4c0\" data-element_type=\"column\">\n\t\t\t<div class=\"elementor-widget-wrap elementor-element-populated\">\n\t\t\t\t\t\t<div class=\"elementor-element elementor-element-668d736 elementor-widget elementor-widget-image\" data-id=\"668d736\" data-element_type=\"widget\" data-widget_type=\"image.default\">\n\t\t\t\t<div class=\"elementor-widget-container\">\n\t\t\t\t\t\t\t\t\t\t\t\t\t\t\t<img fetchpriority=\"high\" decoding=\"async\" width=\"924\" height=\"300\" src=\"https:\/\/anomera.ca\/wp-content\/uploads\/2024\/06\/New_logo_anomera_updated.png\" class=\"attachment-1536x1536 size-1536x1536 wp-image-8335\" alt=\"\" srcset=\"https:\/\/anomera.ca\/wp-content\/uploads\/2024\/06\/New_logo_anomera_updated.png 924w, https:\/\/anomera.ca\/wp-content\/uploads\/2024\/06\/New_logo_anomera_updated-300x97.png 300w, https:\/\/anomera.ca\/wp-content\/uploads\/2024\/06\/New_logo_anomera_updated-768x249.png 768w, https:\/\/anomera.ca\/wp-content\/uploads\/2024\/06\/New_logo_anomera_updated-504x164.png 504w\" sizes=\"(max-width: 924px) 100vw, 924px\" \/>\t\t\t\t\t\t\t\t\t\t\t\t\t\t\t<\/div>\n\t\t\t\t<\/div>\n\t\t\t\t<div class=\"elementor-element elementor-element-284261a elementor-widget elementor-widget-text-editor\" data-id=\"284261a\" data-element_type=\"widget\" data-widget_type=\"text-editor.default\">\n\t\t\t\t<div class=\"elementor-widget-container\">\n\t\t\t\t\t\t\t\t\t<p>460 Ste-Catherine St. West, Suite 805<\/p>\n<p>Montr\u00e9al, Quebec, Canada H3B 1A7<\/p>\n\t\t\t\t\t\t\t\t<\/div>\n\t\t\t\t<\/div>\n\t\t\t\t<div class=\"elementor-element elementor-element-bfa2d61 elementor-widget elementor-widget-spacer\" data-id=\"bfa2d61\" data-element_type=\"widget\" data-widget_type=\"spacer.default\">\n\t\t\t\t<div class=\"elementor-widget-container\">\n\t\t\t\t\t\t\t<div class=\"elementor-spacer\">\n\t\t\t<div class=\"elementor-spacer-inner\"><\/div>\n\t\t<\/div>\n\t\t\t\t\t\t<\/div>\n\t\t\t\t<\/div>\n\t\t\t\t\t<\/div>\n\t\t<\/div>\n\t\t\t\t\t<\/div>\n\t\t<\/section>\n\t\t\t\t<\/div>\n\t\t","protected":false},"excerpt":{"rendered":"<p>CONDITIONS DE VENTE Derni\u00e8re mise \u00e0 jour : octobre 2019 En visitant notre site et\/ou en achetant quelque chose chez nous, vous vous engagez dans notre \u00ab\u00a0service\u00a0\u00bb et acceptez d&rsquo;\u00eatre li\u00e9 par les conditions g\u00e9n\u00e9rales suivantes (\u00ab\u00a0Conditions de vente\u00a0\u00bb, \u00ab\u00a0Conditions\u00a0\u00bb), y compris les conditions g\u00e9n\u00e9rales et les politiques suppl\u00e9mentaires qui y sont r\u00e9f\u00e9renc\u00e9es et\/ou qui [&hellip;]<\/p>\n","protected":false},"author":1,"featured_media":0,"parent":0,"menu_order":0,"comment_status":"closed","ping_status":"closed","template":"elementor_header_footer","meta":{"_acf_changed":false,"ocean_post_layout":"","ocean_both_sidebars_style":"","ocean_both_sidebars_content_width":0,"ocean_both_sidebars_sidebars_width":0,"ocean_sidebar":"0","ocean_second_sidebar":"0","ocean_disable_margins":"enable","ocean_add_body_class":"","ocean_shortcode_before_top_bar":"","ocean_shortcode_after_top_bar":"","ocean_shortcode_before_header":"","ocean_shortcode_after_header":"","ocean_has_shortcode":"","ocean_shortcode_after_title":"","ocean_shortcode_before_footer_widgets":"","ocean_shortcode_after_footer_widgets":"","ocean_shortcode_before_footer_bottom":"","ocean_shortcode_after_footer_bottom":"","ocean_display_top_bar":"default","ocean_display_header":"default","ocean_header_style":"","ocean_center_header_left_menu":"0","ocean_custom_header_template":"0","ocean_custom_logo":0,"ocean_custom_retina_logo":0,"ocean_custom_logo_max_width":0,"ocean_custom_logo_tablet_max_width":0,"ocean_custom_logo_mobile_max_width":0,"ocean_custom_logo_max_height":0,"ocean_custom_logo_tablet_max_height":0,"ocean_custom_logo_mobile_max_height":0,"ocean_header_custom_menu":"0","ocean_menu_typo_font_family":"0","ocean_menu_typo_font_subset":"","ocean_menu_typo_font_size":0,"ocean_menu_typo_font_size_tablet":0,"ocean_menu_typo_font_size_mobile":0,"ocean_menu_typo_font_size_unit":"px","ocean_menu_typo_font_weight":"","ocean_menu_typo_font_weight_tablet":"","ocean_menu_typo_font_weight_mobile":"","ocean_menu_typo_transform":"","ocean_menu_typo_transform_tablet":"","ocean_menu_typo_transform_mobile":"","ocean_menu_typo_line_height":0,"ocean_menu_typo_line_height_tablet":0,"ocean_menu_typo_line_height_mobile":0,"ocean_menu_typo_line_height_unit":"","ocean_menu_typo_spacing":0,"ocean_menu_typo_spacing_tablet":0,"ocean_menu_typo_spacing_mobile":0,"ocean_menu_typo_spacing_unit":"","ocean_menu_link_color":"","ocean_menu_link_color_hover":"","ocean_menu_link_color_active":"","ocean_menu_link_background":"","ocean_menu_link_hover_background":"","ocean_menu_link_active_background":"","ocean_menu_social_links_bg":"","ocean_menu_social_hover_links_bg":"","ocean_menu_social_links_color":"","ocean_menu_social_hover_links_color":"","ocean_disable_title":"on","ocean_disable_heading":"default","ocean_post_title":"","ocean_post_subheading":"","ocean_post_title_style":"","ocean_post_title_background_color":"","ocean_post_title_background":0,"ocean_post_title_bg_image_position":"","ocean_post_title_bg_image_attachment":"","ocean_post_title_bg_image_repeat":"","ocean_post_title_bg_image_size":"","ocean_post_title_height":0,"ocean_post_title_bg_overlay":0.5,"ocean_post_title_bg_overlay_color":"","ocean_disable_breadcrumbs":"off","ocean_breadcrumbs_color":"","ocean_breadcrumbs_separator_color":"","ocean_breadcrumbs_links_color":"","ocean_breadcrumbs_links_hover_color":"","ocean_display_footer_widgets":"default","ocean_display_footer_bottom":"default","ocean_custom_footer_template":"0","footnotes":""},"class_list":["post-6800","page","type-page","status-publish","hentry","entry"],"acf":[],"_links":{"self":[{"href":"https:\/\/anomera.ca\/fr\/wp-json\/wp\/v2\/pages\/6800","targetHints":{"allow":["GET"]}}],"collection":[{"href":"https:\/\/anomera.ca\/fr\/wp-json\/wp\/v2\/pages"}],"about":[{"href":"https:\/\/anomera.ca\/fr\/wp-json\/wp\/v2\/types\/page"}],"author":[{"embeddable":true,"href":"https:\/\/anomera.ca\/fr\/wp-json\/wp\/v2\/users\/1"}],"replies":[{"embeddable":true,"href":"https:\/\/anomera.ca\/fr\/wp-json\/wp\/v2\/comments?post=6800"}],"version-history":[{"count":0,"href":"https:\/\/anomera.ca\/fr\/wp-json\/wp\/v2\/pages\/6800\/revisions"}],"wp:attachment":[{"href":"https:\/\/anomera.ca\/fr\/wp-json\/wp\/v2\/media?parent=6800"}],"curies":[{"name":"wp","href":"https:\/\/api.w.org\/{rel}","templated":true}]}}