{"id":7245,"date":"2023-08-16T15:57:39","date_gmt":"2023-08-16T15:57:39","guid":{"rendered":"https:\/\/anomera.ca\/sample-contact-form\/"},"modified":"2026-03-31T13:40:27","modified_gmt":"2026-03-31T13:40:27","slug":"demande-dechantillon","status":"publish","type":"page","link":"https:\/\/anomera.ca\/fr\/demande-dechantillon\/","title":{"rendered":"DEMANDER UN \u00c9CHANTILLON"},"content":{"rendered":"\t\t<div data-elementor-type=\"wp-page\" data-elementor-id=\"7245\" class=\"elementor elementor-7245 elementor-7223\">\n\t\t\t\t\t\t<section class=\"elementor-section elementor-top-section elementor-element elementor-element-2ed2bbb elementor-section-boxed elementor-section-height-default elementor-section-height-default\" data-id=\"2ed2bbb\" data-element_type=\"section\" data-settings=\"{&quot;background_background&quot;:&quot;classic&quot;}\">\n\t\t\t\t\t\t\t<div class=\"elementor-background-overlay\"><\/div>\n\t\t\t\t\t\t\t<div class=\"elementor-container elementor-column-gap-default\">\n\t\t\t\t\t<div class=\"elementor-column elementor-col-100 elementor-top-column elementor-element elementor-element-92d44bc\" data-id=\"92d44bc\" data-element_type=\"column\">\n\t\t\t<div class=\"elementor-widget-wrap elementor-element-populated\">\n\t\t\t\t\t\t<div class=\"elementor-element elementor-element-cf0eebf elementor-widget elementor-widget-heading\" data-id=\"cf0eebf\" data-element_type=\"widget\" data-widget_type=\"heading.default\">\n\t\t\t\t<div class=\"elementor-widget-container\">\n\t\t\t\t\t<h1 class=\"elementor-heading-title elementor-size-default\">Demander un \u00e9chantillon ou parlez-nous de votre projet<\/h1>\t\t\t\t<\/div>\n\t\t\t\t<\/div>\n\t\t\t\t<div class=\"elementor-element elementor-element-3ad8e1f elementor-widget elementor-widget-text-editor\" data-id=\"3ad8e1f\" data-element_type=\"widget\" data-widget_type=\"text-editor.default\">\n\t\t\t\t<div class=\"elementor-widget-container\">\n\t\t\t\t\t\t\t\t\t<p>Lire <a style=\"text-decoration: underline; color: white;\" href=\"https:\/\/www.anomera.ca\/terms-conditions\/\">Termes et conditions<\/a><\/p>\t\t\t\t\t\t\t\t<\/div>\n\t\t\t\t<\/div>\n\t\t\t\t\t<\/div>\n\t\t<\/div>\n\t\t\t\t\t<\/div>\n\t\t<\/section>\n\t\t\t\t<section class=\"elementor-section elementor-top-section elementor-element elementor-element-a73366e elementor-section-boxed elementor-section-height-default elementor-section-height-default\" data-id=\"a73366e\" data-element_type=\"section\">\n\t\t\t\t\t\t<div class=\"elementor-container elementor-column-gap-default\">\n\t\t\t\t\t<div class=\"elementor-column elementor-col-50 elementor-top-column elementor-element elementor-element-9014892\" data-id=\"9014892\" data-element_type=\"column\">\n\t\t\t<div class=\"elementor-widget-wrap elementor-element-populated\">\n\t\t\t\t\t\t<div class=\"elementor-element elementor-element-1736f2f elementor-widget elementor-widget-heading\" data-id=\"1736f2f\" data-element_type=\"widget\" data-widget_type=\"heading.default\">\n\t\t\t\t<div class=\"elementor-widget-container\">\n\t\t\t\t\t<h2 class=\"elementor-heading-title elementor-size-default\">APPLICATIONS COSM\u00c9TIQUES ET SOINS PERSONELS<\/h2>\t\t\t\t<\/div>\n\t\t\t\t<\/div>\n\t\t\t\t<div class=\"elementor-element elementor-element-7c55f8a elementor-widget elementor-widget-text-editor\" data-id=\"7c55f8a\" data-element_type=\"widget\" data-widget_type=\"text-editor.default\">\n\t\t\t\t<div class=\"elementor-widget-container\">\n\t\t\t\t\t\t\t\t\tNos poudres cellulosiques optiques et sensorielles pour les applications cosm\u00e9tiques et\nde soins personnels sont offertes en \u00e9chantillons ou \u00e0 l\u2019achat par l\u2019interm\u00e9diaire de nos\npartenaires de distribution mondiaux \u2014 Croda Beauty et Potentia Ingredients. Veuillez\nfournir vos informations ci-dessous, et nous vous dirigerons vers le distributeur<br>appropri\u00e9. \t\t\t\t\t\t\t\t<\/div>\n\t\t\t\t<\/div>\n\t\t\t\t\t<\/div>\n\t\t<\/div>\n\t\t\t\t<div class=\"elementor-column elementor-col-50 elementor-top-column elementor-element elementor-element-d6f4fe1\" data-id=\"d6f4fe1\" data-element_type=\"column\">\n\t\t\t<div class=\"elementor-widget-wrap elementor-element-populated\">\n\t\t\t\t\t\t<div class=\"elementor-element elementor-element-5eb47f8 elementor-widget elementor-widget-image\" data-id=\"5eb47f8\" data-element_type=\"widget\" data-widget_type=\"image.default\">\n\t\t\t\t<div class=\"elementor-widget-container\">\n\t\t\t\t\t\t\t\t\t\t\t\t\t\t\t<img decoding=\"async\" width=\"342\" height=\"128\" src=\"https:\/\/anomera.ca\/wp-content\/uploads\/2024\/07\/CRODA.png\" class=\"attachment-2048x2048 size-2048x2048 wp-image-9202\" alt=\"\" srcset=\"https:\/\/anomera.ca\/wp-content\/uploads\/2024\/07\/CRODA.png 342w, https:\/\/anomera.ca\/wp-content\/uploads\/2024\/07\/CRODA-300x112.png 300w\" sizes=\"(max-width: 342px) 100vw, 342px\" \/>\t\t\t\t\t\t\t\t\t\t\t\t\t\t\t<\/div>\n\t\t\t\t<\/div>\n\t\t\t\t<div class=\"elementor-element elementor-element-b152fd1 elementor-widget elementor-widget-image\" data-id=\"b152fd1\" data-element_type=\"widget\" data-widget_type=\"image.default\">\n\t\t\t\t<div class=\"elementor-widget-container\">\n\t\t\t\t\t\t\t\t\t\t\t\t\t\t\t<img decoding=\"async\" width=\"258\" height=\"96\" src=\"https:\/\/anomera.ca\/wp-content\/uploads\/2026\/03\/Potentia-logo.png\" class=\"attachment-2048x2048 size-2048x2048 wp-image-10102\" alt=\"\" \/>\t\t\t\t\t\t\t\t\t\t\t\t\t\t\t<\/div>\n\t\t\t\t<\/div>\n\t\t\t\t\t<\/div>\n\t\t<\/div>\n\t\t\t\t\t<\/div>\n\t\t<\/section>\n\t\t\t\t<section class=\"elementor-section elementor-top-section elementor-element elementor-element-8fd7c05 elementor-section-boxed elementor-section-height-default elementor-section-height-default\" data-id=\"8fd7c05\" data-element_type=\"section\">\n\t\t\t\t\t\t<div class=\"elementor-container elementor-column-gap-default\">\n\t\t\t\t\t<div class=\"elementor-column elementor-col-50 elementor-top-column elementor-element elementor-element-301ccf9\" data-id=\"301ccf9\" data-element_type=\"column\">\n\t\t\t<div class=\"elementor-widget-wrap elementor-element-populated\">\n\t\t\t\t\t\t<div class=\"elementor-element elementor-element-ed09cca elementor-widget elementor-widget-heading\" data-id=\"ed09cca\" data-element_type=\"widget\" data-widget_type=\"heading.default\">\n\t\t\t\t<div class=\"elementor-widget-container\">\n\t\t\t\t\t<h2 class=\"elementor-heading-title elementor-size-default\">APPLICATIONS INDUSTRIELLES<\/h2>\t\t\t\t<\/div>\n\t\t\t\t<\/div>\n\t\t\t\t<div class=\"elementor-element elementor-element-ebd5906 elementor-widget elementor-widget-text-editor\" data-id=\"ebd5906\" data-element_type=\"widget\" data-widget_type=\"text-editor.default\">\n\t\t\t\t<div class=\"elementor-widget-container\">\n\t\t\t\t\t\t\t\t\tSi vous \u00eates int\u00e9ress\u00e9s de procurer les poudres microm\u00e9triques de cellulose <a style=\"color: #285f60;\" href=\"https:\/\/anomera.ca\/fr\/produits\/#CellAno\">CellAno<sup style=\"vertical-align: super; font-size: 12px;\">MC<\/sup><\/a> , les m\u00e9langes-ma\u00eetre d\u2019<a style=\"color: #285f60;\" href=\"https:\/\/anomera.ca\/fr\/produits\/#AddiCel\">AddiCel<sup style=\"vertical-align: super; font-size: 12px;\">MC<\/sup><\/a> , un <span style=\"font-weight: bold;\">grand volume ou un petit<\/span> <span style=\"font-weight: bold;\">\u00e9chantillon (50g)<\/span> du CNC <a style=\"color: #285f60;\" href=\"https:\/\/anomera.ca\/fr\/produits\/#DextraCel\">DextraCel<sup style=\"vertical-align: super; font-size: 12px;\">MD<\/sup><\/a> , veuillez remplir le formulaire ci-dessous et il fera plaisir \u00e0 notre \u00e9quipe de traiter votre demande.\t\t\t\t\t\t\t\t<\/div>\n\t\t\t\t<\/div>\n\t\t\t\t<div class=\"elementor-element elementor-element-1b1412f elementor-widget elementor-widget-text-editor\" data-id=\"1b1412f\" data-element_type=\"widget\" data-widget_type=\"text-editor.default\">\n\t\t\t\t<div class=\"elementor-widget-container\">\n\t\t\t\t\t\t\t\t\tLes quantit\u00e9s \u00e0 des fins <span style=\"font-weight: bold;\">de recherche<\/span> de <a style=\"color: #285f60;\" href=\"https:\/\/anomera.ca\/fr\/produits\/#DextraCel\">DextraCel<sup>MD<\/sup><\/a> <span style=\"font-weight: bold;\">(200g et 1Kg)<\/span> sous forme de suspension aqueuse ou de poudre sont disponibles pour achat par l\u2019interm\u00e9diaire du magasin en ligne de nanocellulose de <span style=\"font-weight: bold;\">l\u2019Universit\u00e9 de Maine.<\/span>\t\t\t\t\t\t\t\t<\/div>\n\t\t\t\t<\/div>\n\t\t\t\t\t<\/div>\n\t\t<\/div>\n\t\t\t\t<div class=\"elementor-column elementor-col-50 elementor-top-column elementor-element elementor-element-e6e0abc\" data-id=\"e6e0abc\" data-element_type=\"column\">\n\t\t\t<div class=\"elementor-widget-wrap elementor-element-populated\">\n\t\t\t\t\t\t<div class=\"elementor-element elementor-element-1a38118 elementor-widget elementor-widget-image\" data-id=\"1a38118\" data-element_type=\"widget\" data-widget_type=\"image.default\">\n\t\t\t\t<div class=\"elementor-widget-container\">\n\t\t\t\t\t\t\t\t\t\t\t\t\t\t\t<img fetchpriority=\"high\" decoding=\"async\" width=\"256\" height=\"324\" src=\"https:\/\/anomera.ca\/wp-content\/uploads\/2024\/07\/maine.png\" class=\"attachment-2048x2048 size-2048x2048 wp-image-9174\" alt=\"\" srcset=\"https:\/\/anomera.ca\/wp-content\/uploads\/2024\/07\/maine.png 256w, https:\/\/anomera.ca\/wp-content\/uploads\/2024\/07\/maine-237x300.png 237w\" sizes=\"(max-width: 256px) 100vw, 256px\" \/>\t\t\t\t\t\t\t\t\t\t\t\t\t\t\t<\/div>\n\t\t\t\t<\/div>\n\t\t\t\t<div class=\"elementor-element elementor-element-1534758 elementor-align-justify elementor-widget elementor-widget-button\" data-id=\"1534758\" data-element_type=\"widget\" data-widget_type=\"button.default\">\n\t\t\t\t<div class=\"elementor-widget-container\">\n\t\t\t\t\t\t\t\t\t<div class=\"elementor-button-wrapper\">\n\t\t\t\t\t<a class=\"elementor-button elementor-button-link elementor-size-sm\" href=\"https:\/\/secure.touchnet.com\/C22921_ustores\/web\/store_main.jsp?STOREID=216&#038;SINGLESTORE=true\" target=\"_blank\">\n\t\t\t\t\t\t<span class=\"elementor-button-content-wrapper\">\n\t\t\t\t\t\t\t\t\t<span class=\"elementor-button-text\">ACC\u00c8DER LE SITE<\/span>\n\t\t\t\t\t<\/span>\n\t\t\t\t\t<\/a>\n\t\t\t\t<\/div>\n\t\t\t\t\t\t\t\t<\/div>\n\t\t\t\t<\/div>\n\t\t\t\t\t<\/div>\n\t\t<\/div>\n\t\t\t\t\t<\/div>\n\t\t<\/section>\n\t\t\t\t<section class=\"elementor-section elementor-top-section elementor-element elementor-element-ed2e3f1 elementor-section-boxed elementor-section-height-default elementor-section-height-default\" data-id=\"ed2e3f1\" data-element_type=\"section\">\n\t\t\t\t\t\t<div class=\"elementor-container elementor-column-gap-default\">\n\t\t\t\t\t<div class=\"elementor-column elementor-col-33 elementor-top-column elementor-element elementor-element-6241792\" data-id=\"6241792\" data-element_type=\"column\">\n\t\t\t<div class=\"elementor-widget-wrap\">\n\t\t\t\t\t\t\t<\/div>\n\t\t<\/div>\n\t\t\t\t<div class=\"elementor-column elementor-col-33 elementor-top-column elementor-element elementor-element-c805541\" data-id=\"c805541\" data-element_type=\"column\">\n\t\t\t<div class=\"elementor-widget-wrap elementor-element-populated\">\n\t\t\t\t\t\t<div class=\"elementor-element elementor-element-8f303fc elementor-widget elementor-widget-shortcode\" data-id=\"8f303fc\" data-element_type=\"widget\" data-widget_type=\"shortcode.default\">\n\t\t\t\t<div class=\"elementor-widget-container\">\n\t\t\t\t\t\t\t<div class=\"elementor-shortcode\">\n<div class=\"wpcf7 no-js\" id=\"wpcf7-f7244-o1\" lang=\"fr-FR\" dir=\"ltr\" data-wpcf7-id=\"7244\">\n<div class=\"screen-reader-response\"><p role=\"status\" aria-live=\"polite\" aria-atomic=\"true\"><\/p> <ul><\/ul><\/div>\n<form action=\"\/fr\/wp-json\/wp\/v2\/pages\/7245#wpcf7-f7244-o1\" method=\"post\" class=\"wpcf7-form init\" aria-label=\"Formulaire de contact\" novalidate=\"novalidate\" data-status=\"init\">\n<fieldset class=\"hidden-fields-container\"><input type=\"hidden\" name=\"_wpcf7\" value=\"7244\" \/><input type=\"hidden\" name=\"_wpcf7_version\" value=\"6.1.3\" \/><input type=\"hidden\" name=\"_wpcf7_locale\" value=\"fr_FR\" \/><input type=\"hidden\" name=\"_wpcf7_unit_tag\" value=\"wpcf7-f7244-o1\" \/><input type=\"hidden\" name=\"_wpcf7_container_post\" value=\"0\" \/><input type=\"hidden\" name=\"_wpcf7_posted_data_hash\" value=\"\" \/><input type=\"hidden\" name=\"_wpcf7_recaptcha_response\" value=\"\" \/>\n<\/fieldset>\n<div class=\"req_sample\">\n\t<p>Pr\u00e9nom<sup>*<\/sup><span class=\"wpcf7-form-control-wrap\" data-name=\"first_name\"><input size=\"40\" maxlength=\"400\" class=\"wpcf7-form-control wpcf7-text wpcf7-validates-as-required Contat-from-req_sample\" aria-required=\"true\" aria-invalid=\"false\" value=\"\" type=\"text\" name=\"first_name\" \/><\/span>\n\t<\/p>\n\t<p>Nom de famille<sup>*<\/sup><span class=\"wpcf7-form-control-wrap\" data-name=\"last_name\"><input size=\"40\" maxlength=\"400\" class=\"wpcf7-form-control wpcf7-text wpcf7-validates-as-required Contat-from-req_sample\" aria-required=\"true\" aria-invalid=\"false\" value=\"\" type=\"text\" name=\"last_name\" \/><\/span>\n\t<\/p>\n\t<p>Nom de l\u2019entreprise<sup>*<\/sup><span class=\"wpcf7-form-control-wrap\" data-name=\"Company_Name\"><input size=\"40\" maxlength=\"400\" class=\"wpcf7-form-control wpcf7-text wpcf7-validates-as-required Contat-from-req_sample\" aria-required=\"true\" aria-invalid=\"false\" value=\"\" type=\"text\" name=\"Company_Name\" \/><\/span>\n\t<\/p>\n\t<p>Adresse courriel<sup>*<\/sup><span class=\"wpcf7-form-control-wrap\" data-name=\"email_id\"><input size=\"40\" maxlength=\"400\" class=\"wpcf7-form-control wpcf7-email wpcf7-validates-as-required wpcf7-text wpcf7-validates-as-email Contat-from-req_sample\" aria-required=\"true\" aria-invalid=\"false\" value=\"\" type=\"email\" name=\"email_id\" \/><\/span>\n\t<\/p>\n\t<p>Num\u00e9ro de t\u00e9l\u00e9phone <span class=\"wpcf7-form-control-wrap\" data-name=\"Telephone_number\"><input size=\"40\" maxlength=\"400\" class=\"wpcf7-form-control wpcf7-text Contat-from-req_sample\" aria-invalid=\"false\" value=\"\" type=\"text\" name=\"Telephone_number\" \/><\/span>\n\t<\/p>\n\t<p>Message <span class=\"wpcf7-form-control-wrap\" data-name=\"Message_01\"><textarea cols=\"40\" rows=\"10\" maxlength=\"2000\" class=\"wpcf7-form-control wpcf7-textarea wpcf7-validates-as-required\" aria-required=\"true\" aria-invalid=\"false\" placeholder=\"Veuillez soumettre votre question ou parlez-nous de votre projet\" name=\"Message_01\"><\/textarea><\/span>\n\t<\/p>\n\t<p><input class=\"wpcf7-form-control wpcf7-submit has-spinner Contat-from-req_sample-button\" type=\"submit\" value=\"Submit\" \/>\n\t<\/p>\n<\/div><div class=\"wpcf7-response-output\" aria-hidden=\"true\"><\/div>\n<\/form>\n<\/div>\n<\/div>\n\t\t\t\t\t\t<\/div>\n\t\t\t\t<\/div>\n\t\t\t\t<div class=\"elementor-element elementor-element-0814319 elementor-widget elementor-widget-text-editor\" data-id=\"0814319\" data-element_type=\"widget\" data-widget_type=\"text-editor.default\">\n\t\t\t\t<div class=\"elementor-widget-container\">\n\t\t\t\t\t\t\t\t\t<p>Pour plus d&rsquo;informations sur la mani\u00e8re dont nous recueillons et traitons vos donn\u00e9es personnelles, veuillez consulter notre <a href=\"https:\/\/www.anomera.ca\/privacy-policy\/\"><span style=\"text-decoration: underline; color: blue;\">politique de confidentialit\u00e9.<\/span><\/a><\/p><p>Pour en savoir plus sur la s\u00e9curit\u00e9 de nos produits, consultez nos <a style=\"text-decoration: underline; color: blue;\" href=\"https:\/\/anomera.ca\/fr\/fiche-de-donnees-de-securite\/\">fiches de donn\u00e9es de s\u00e9curit\u00e9<\/a>.<\/p>\t\t\t\t\t\t\t\t<\/div>\n\t\t\t\t<\/div>\n\t\t\t\t\t<\/div>\n\t\t<\/div>\n\t\t\t\t<div class=\"elementor-column elementor-col-33 elementor-top-column elementor-element elementor-element-b18c401\" data-id=\"b18c401\" data-element_type=\"column\">\n\t\t\t<div class=\"elementor-widget-wrap\">\n\t\t\t\t\t\t\t<\/div>\n\t\t<\/div>\n\t\t\t\t\t<\/div>\n\t\t<\/section>\n\t\t\t\t<\/div>\n\t\t","protected":false},"excerpt":{"rendered":"<p>Demander un \u00e9chantillon ou parlez-nous de votre projet Lire Termes et conditions APPLICATIONS COSM\u00c9TIQUES ET SOINS PERSONELS Nos poudres cellulosiques optiques et sensorielles pour les applications cosm\u00e9tiques et de soins personnels sont offertes en \u00e9chantillons ou \u00e0 l\u2019achat par l\u2019interm\u00e9diaire de nos partenaires de distribution mondiaux \u2014 Croda Beauty et Potentia Ingredients. Veuillez fournir vos [&hellip;]<\/p>\n","protected":false},"author":4,"featured_media":0,"parent":0,"menu_order":0,"comment_status":"closed","ping_status":"closed","template":"elementor_header_footer","meta":{"_acf_changed":false,"ocean_post_layout":"","ocean_both_sidebars_style":"","ocean_both_sidebars_content_width":0,"ocean_both_sidebars_sidebars_width":0,"ocean_sidebar":"0","ocean_second_sidebar":"0","ocean_disable_margins":"enable","ocean_add_body_class":"","ocean_shortcode_before_top_bar":"","ocean_shortcode_after_top_bar":"","ocean_shortcode_before_header":"","ocean_shortcode_after_header":"","ocean_has_shortcode":"","ocean_shortcode_after_title":"","ocean_shortcode_before_footer_widgets":"","ocean_shortcode_after_footer_widgets":"","ocean_shortcode_before_footer_bottom":"","ocean_shortcode_after_footer_bottom":"","ocean_display_top_bar":"default","ocean_display_header":"default","ocean_header_style":"","ocean_center_header_left_menu":"0","ocean_custom_header_template":"0","ocean_custom_logo":0,"ocean_custom_retina_logo":0,"ocean_custom_logo_max_width":0,"ocean_custom_logo_tablet_max_width":0,"ocean_custom_logo_mobile_max_width":0,"ocean_custom_logo_max_height":0,"ocean_custom_logo_tablet_max_height":0,"ocean_custom_logo_mobile_max_height":0,"ocean_header_custom_menu":"0","ocean_menu_typo_font_family":"0","ocean_menu_typo_font_subset":"","ocean_menu_typo_font_size":0,"ocean_menu_typo_font_size_tablet":0,"ocean_menu_typo_font_size_mobile":0,"ocean_menu_typo_font_size_unit":"px","ocean_menu_typo_font_weight":"","ocean_menu_typo_font_weight_tablet":"","ocean_menu_typo_font_weight_mobile":"","ocean_menu_typo_transform":"","ocean_menu_typo_transform_tablet":"","ocean_menu_typo_transform_mobile":"","ocean_menu_typo_line_height":0,"ocean_menu_typo_line_height_tablet":0,"ocean_menu_typo_line_height_mobile":0,"ocean_menu_typo_line_height_unit":"","ocean_menu_typo_spacing":0,"ocean_menu_typo_spacing_tablet":0,"ocean_menu_typo_spacing_mobile":0,"ocean_menu_typo_spacing_unit":"","ocean_menu_link_color":"","ocean_menu_link_color_hover":"","ocean_menu_link_color_active":"","ocean_menu_link_background":"","ocean_menu_link_hover_background":"","ocean_menu_link_active_background":"","ocean_menu_social_links_bg":"","ocean_menu_social_hover_links_bg":"","ocean_menu_social_links_color":"","ocean_menu_social_hover_links_color":"","ocean_disable_title":"on","ocean_disable_heading":"default","ocean_post_title":"","ocean_post_subheading":"","ocean_post_title_style":"","ocean_post_title_background_color":"","ocean_post_title_background":0,"ocean_post_title_bg_image_position":"","ocean_post_title_bg_image_attachment":"","ocean_post_title_bg_image_repeat":"","ocean_post_title_bg_image_size":"","ocean_post_title_height":0,"ocean_post_title_bg_overlay":0.5,"ocean_post_title_bg_overlay_color":"","ocean_disable_breadcrumbs":"off","ocean_breadcrumbs_color":"","ocean_breadcrumbs_separator_color":"","ocean_breadcrumbs_links_color":"","ocean_breadcrumbs_links_hover_color":"","ocean_display_footer_widgets":"default","ocean_display_footer_bottom":"default","ocean_custom_footer_template":"0","footnotes":""},"class_list":["post-7245","page","type-page","status-publish","hentry","entry"],"acf":[],"_links":{"self":[{"href":"https:\/\/anomera.ca\/fr\/wp-json\/wp\/v2\/pages\/7245","targetHints":{"allow":["GET"]}}],"collection":[{"href":"https:\/\/anomera.ca\/fr\/wp-json\/wp\/v2\/pages"}],"about":[{"href":"https:\/\/anomera.ca\/fr\/wp-json\/wp\/v2\/types\/page"}],"author":[{"embeddable":true,"href":"https:\/\/anomera.ca\/fr\/wp-json\/wp\/v2\/users\/4"}],"replies":[{"embeddable":true,"href":"https:\/\/anomera.ca\/fr\/wp-json\/wp\/v2\/comments?post=7245"}],"version-history":[{"count":2,"href":"https:\/\/anomera.ca\/fr\/wp-json\/wp\/v2\/pages\/7245\/revisions"}],"predecessor-version":[{"id":10104,"href":"https:\/\/anomera.ca\/fr\/wp-json\/wp\/v2\/pages\/7245\/revisions\/10104"}],"wp:attachment":[{"href":"https:\/\/anomera.ca\/fr\/wp-json\/wp\/v2\/media?parent=7245"}],"curies":[{"name":"wp","href":"https:\/\/api.w.org\/{rel}","templated":true}]}}