{"id":8463,"date":"2024-03-29T16:18:41","date_gmt":"2024-03-29T16:18:41","guid":{"rendered":"https:\/\/anomera.ca\/adhesifs-sensibles-a-la-pression\/"},"modified":"2025-10-21T17:49:57","modified_gmt":"2025-10-21T17:49:57","slug":"adhesifs-sensibles-a-la-pression","status":"publish","type":"page","link":"https:\/\/anomera.ca\/fr\/adhesifs-sensibles-a-la-pression\/","title":{"rendered":"ADH\u00c9SIFS SENSIBLES \u00c0 LA PRESSION"},"content":{"rendered":"\t\t<div data-elementor-type=\"wp-page\" data-elementor-id=\"8463\" class=\"elementor elementor-8463 elementor-7561\">\n\t\t\t\t\t\t<section class=\"elementor-section elementor-top-section elementor-element elementor-element-9af76a4 elementor-section-height-min-height elementor-section-boxed elementor-section-height-default elementor-section-items-middle\" data-id=\"9af76a4\" data-element_type=\"section\" data-settings=\"{&quot;background_background&quot;:&quot;classic&quot;}\">\n\t\t\t\t\t\t\t<div class=\"elementor-background-overlay\"><\/div>\n\t\t\t\t\t\t\t<div class=\"elementor-container elementor-column-gap-default\">\n\t\t\t\t\t<div class=\"elementor-column elementor-col-100 elementor-top-column elementor-element elementor-element-644a40e\" data-id=\"644a40e\" data-element_type=\"column\">\n\t\t\t<div class=\"elementor-widget-wrap elementor-element-populated\">\n\t\t\t\t\t\t<div class=\"elementor-element elementor-element-f0463f9 animated-slow elementor-invisible elementor-widget elementor-widget-heading\" data-id=\"f0463f9\" data-element_type=\"widget\" data-settings=\"{&quot;_animation&quot;:&quot;fadeInLeft&quot;}\" data-widget_type=\"heading.default\">\n\t\t\t\t<div class=\"elementor-widget-container\">\n\t\t\t\t\t<h1 class=\"elementor-heading-title elementor-size-default\">ADH\u00c9SIFS SENSIBLES \u00c0 LA PRESSION<\/h1>\t\t\t\t<\/div>\n\t\t\t\t<\/div>\n\t\t\t\t<div class=\"elementor-element elementor-element-a8d98d6 elementor-widget elementor-widget-heading\" data-id=\"a8d98d6\" data-element_type=\"widget\" data-widget_type=\"heading.default\">\n\t\t\t\t<div class=\"elementor-widget-container\">\n\t\t\t\t\t<h2 class=\"elementor-heading-title elementor-size-default\"><a href=\"https:\/\/anomera.ca\/fr\/produits\/#DextraCel\">DextraCel<sup>MD<\/sup><\/a><\/h2>\t\t\t\t<\/div>\n\t\t\t\t<\/div>\n\t\t\t\t<div class=\"elementor-element elementor-element-d15eb13 animated-slow elementor-invisible elementor-widget elementor-widget-heading\" data-id=\"d15eb13\" data-element_type=\"widget\" data-settings=\"{&quot;_animation&quot;:&quot;zoomIn&quot;}\" data-widget_type=\"heading.default\">\n\t\t\t\t<div class=\"elementor-widget-container\">\n\t\t\t\t\t<p class=\"elementor-heading-title elementor-size-default\">Permet de briser les barri\u00e8res de l\u2019industrie des adh\u00e9sifs sensibles \u00e0 la pression<br>\u00e0 base aqueuse au moyen d\u2019un additif \u00e0 haute performance et faible dosage.<\/p>\t\t\t\t<\/div>\n\t\t\t\t<\/div>\n\t\t\t\t\t<\/div>\n\t\t<\/div>\n\t\t\t\t\t<\/div>\n\t\t<\/section>\n\t\t\t\t<section class=\"elementor-section elementor-top-section elementor-element elementor-element-04d0d5e elementor-section-boxed elementor-section-height-default elementor-section-height-default\" data-id=\"04d0d5e\" data-element_type=\"section\">\n\t\t\t\t\t\t<div class=\"elementor-container elementor-column-gap-default\">\n\t\t\t\t\t<div class=\"elementor-column elementor-col-100 elementor-top-column elementor-element elementor-element-d265670\" data-id=\"d265670\" data-element_type=\"column\">\n\t\t\t<div class=\"elementor-widget-wrap elementor-element-populated\">\n\t\t\t\t\t\t<div class=\"elementor-element elementor-element-e7833c5 elementor-widget elementor-widget-heading\" data-id=\"e7833c5\" data-element_type=\"widget\" data-widget_type=\"heading.default\">\n\t\t\t\t<div class=\"elementor-widget-container\">\n\t\t\t\t\t<h2 class=\"elementor-heading-title elementor-size-default\">Le cadre r\u00e9glementaire se resserre partout dans le monde pour les fabricants d\u2019adh\u00e9sifs acryliques sensibles \u00e0 la pression, qui se voient dans l\u2019obligation de r\u00e9duire leurs \u00e9missions de compos\u00e9s organiques volatils (COV) attribuables \u00e0 l\u2019utilisation de polym\u00e8res peu co\u00fbteux \u00e0 base de solvant.<\/h2>\t\t\t\t<\/div>\n\t\t\t\t<\/div>\n\t\t\t\t\t<\/div>\n\t\t<\/div>\n\t\t\t\t\t<\/div>\n\t\t<\/section>\n\t\t\t\t<section class=\"elementor-section elementor-top-section elementor-element elementor-element-1ac2d25 elementor-reverse-mobile elementor-section-boxed elementor-section-height-default elementor-section-height-default\" data-id=\"1ac2d25\" data-element_type=\"section\">\n\t\t\t\t\t\t<div class=\"elementor-container elementor-column-gap-default\">\n\t\t\t\t\t<div class=\"elementor-column elementor-col-50 elementor-top-column elementor-element elementor-element-2dcf1c3\" data-id=\"2dcf1c3\" data-element_type=\"column\">\n\t\t\t<div class=\"elementor-widget-wrap elementor-element-populated\">\n\t\t\t\t\t\t<div class=\"elementor-element elementor-element-52c095a elementor-widget elementor-widget-text-editor\" data-id=\"52c095a\" data-element_type=\"widget\" data-widget_type=\"text-editor.default\">\n\t\t\t\t<div class=\"elementor-widget-container\">\n\t\t\t\t\t\t\t\t\t<p>Bien que les adh\u00e9sifs acryliques sensibles \u00e0 la pression \u00e0 base aqueuse offrent une solution respectueuse de l\u2019environnement, leur performance ne parvient pas \u00e0 rivaliser avec celle des adh\u00e9sifs \u00e0 base de solvant, ce qui rend ces solutions moins attrayantes pour l\u2019industrie.<\/p>\n<p>Le <a style=\"color: #285f60;\" href=\"https:\/\/anomera.ca\/fr\/produits\/#DextraCel\">DextraCel<sup>MD<\/sup><\/a> est un produit multifonction <b>biod\u00e9gradable<\/b> qui r\u00e9duit l\u2019\u00e9cart entre la performance et la durabilit\u00e9. Il <b>augmente la force coh\u00e9sive des adh\u00e9sifs sensibles \u00e0 la pression \u00e0 base aqueuse tout en pr\u00e9servant leurs propri\u00e9t\u00e9s adh\u00e9sives (collant et pelant)<\/b> \u2013 un tour de force pour cette industrie, y compris du point de vue des formulations \u00e0 base de solvant.<\/p>\n<p>M\u00eame moyennant une concentration de seulement 1 %, le <a style=\"color: #285f60;\" href=\"https:\/\/anomera.ca\/fr\/produits\/#DextraCel\">DextraCel<sup>MD<\/sup><\/a> <b>am\u00e9liore significativement la r\u00e9sistance au cisaillement<\/b>. Cette technologie vient donc r\u00e9soudre l\u2019impasse \u00e9cologique tout en assurant une remarquable performance dans divers contextes d\u2019utilisation d\u2019adh\u00e9sifs sensibles \u00e0 la pression (l\u00e9gers ou robustes), qu\u2019il s\u2019agisse de <b>ruban adh\u00e9sif, d\u2019\u00e9tiquettes, de masquage ou d\u2019emballages de sp\u00e9cialit\u00e9.<\/b><\/p>\n\t\t\t\t\t\t\t\t<\/div>\n\t\t\t\t<\/div>\n\t\t\t\t<div class=\"elementor-element elementor-element-fe4a597 elementor-align-justify elementor-hidden-desktop elementor-hidden-tablet elementor-widget elementor-widget-button\" data-id=\"fe4a597\" data-element_type=\"widget\" data-settings=\"{&quot;_animation_mobile&quot;:&quot;zoomIn&quot;}\" data-widget_type=\"button.default\">\n\t\t\t\t<div class=\"elementor-widget-container\">\n\t\t\t\t\t\t\t\t\t<div class=\"elementor-button-wrapper\">\n\t\t\t\t\t<a class=\"elementor-button elementor-button-link elementor-size-xl\" href=\"https:\/\/anomera.ca\/fr\/produits\/#DextraCel\">\n\t\t\t\t\t\t<span class=\"elementor-button-content-wrapper\">\n\t\t\t\t\t\t\t\t\t<span class=\"elementor-button-text\">EN SAVOIR PLUS SUR DEXTRACEL<sup>MD<\/sup><\/span>\n\t\t\t\t\t<\/span>\n\t\t\t\t\t<\/a>\n\t\t\t\t<\/div>\n\t\t\t\t\t\t\t\t<\/div>\n\t\t\t\t<\/div>\n\t\t\t\t<div class=\"elementor-element elementor-element-82ded0e elementor-align-justify elementor-hidden-desktop elementor-hidden-tablet elementor-widget elementor-widget-button\" data-id=\"82ded0e\" data-element_type=\"widget\" data-settings=\"{&quot;_animation_mobile&quot;:&quot;zoomIn&quot;}\" data-widget_type=\"button.default\">\n\t\t\t\t<div class=\"elementor-widget-container\">\n\t\t\t\t\t\t\t\t\t<div class=\"elementor-button-wrapper\">\n\t\t\t\t\t<a class=\"elementor-button elementor-button-link elementor-size-xl\" href=\"https:\/\/anomera.ca\/fr\/demande-dechantillon\/\">\n\t\t\t\t\t\t<span class=\"elementor-button-content-wrapper\">\n\t\t\t\t\t\t\t\t\t<span class=\"elementor-button-text\">PARLEZ-NOUS DE VOTRE PROJET OU DEMANDEZ UN \u00c9CHANTILLON<\/span>\n\t\t\t\t\t<\/span>\n\t\t\t\t\t<\/a>\n\t\t\t\t<\/div>\n\t\t\t\t\t\t\t\t<\/div>\n\t\t\t\t<\/div>\n\t\t\t\t\t<\/div>\n\t\t<\/div>\n\t\t\t\t<div class=\"elementor-column elementor-col-50 elementor-top-column elementor-element elementor-element-003b449\" data-id=\"003b449\" data-element_type=\"column\">\n\t\t\t<div class=\"elementor-widget-wrap elementor-element-populated\">\n\t\t\t\t\t\t<div class=\"elementor-element elementor-element-0367cf7 animated-slow elementor-invisible elementor-widget elementor-widget-image\" data-id=\"0367cf7\" data-element_type=\"widget\" data-settings=\"{&quot;_animation&quot;:&quot;slideInRight&quot;,&quot;_animation_delay&quot;:500}\" data-widget_type=\"image.default\">\n\t\t\t\t<div class=\"elementor-widget-container\">\n\t\t\t\t\t\t\t\t\t\t\t\t\t\t\t<img fetchpriority=\"high\" decoding=\"async\" width=\"1024\" height=\"683\" src=\"https:\/\/anomera.ca\/wp-content\/uploads\/2024\/03\/PRESSURE-SENSITIVE-ADHESIVES-1024x683.jpg\" class=\"attachment-large size-large wp-image-7567\" alt=\"\" srcset=\"https:\/\/anomera.ca\/wp-content\/uploads\/2024\/03\/PRESSURE-SENSITIVE-ADHESIVES-1024x683.jpg 1024w, https:\/\/anomera.ca\/wp-content\/uploads\/2024\/03\/PRESSURE-SENSITIVE-ADHESIVES-300x200.jpg 300w, https:\/\/anomera.ca\/wp-content\/uploads\/2024\/03\/PRESSURE-SENSITIVE-ADHESIVES-768x512.jpg 768w, https:\/\/anomera.ca\/wp-content\/uploads\/2024\/03\/PRESSURE-SENSITIVE-ADHESIVES-1536x1024.jpg 1536w, https:\/\/anomera.ca\/wp-content\/uploads\/2024\/03\/PRESSURE-SENSITIVE-ADHESIVES-2048x1365.jpg 2048w, https:\/\/anomera.ca\/wp-content\/uploads\/2024\/03\/PRESSURE-SENSITIVE-ADHESIVES-504x336.jpg 504w\" sizes=\"(max-width: 1024px) 100vw, 1024px\" \/>\t\t\t\t\t\t\t\t\t\t\t\t\t\t\t<\/div>\n\t\t\t\t<\/div>\n\t\t\t\t<div class=\"elementor-element elementor-element-2da2acd elementor-align-justify elementor-hidden-mobile animated-slow elementor-invisible elementor-widget elementor-widget-button\" data-id=\"2da2acd\" data-element_type=\"widget\" data-settings=\"{&quot;_animation&quot;:&quot;zoomIn&quot;}\" data-widget_type=\"button.default\">\n\t\t\t\t<div class=\"elementor-widget-container\">\n\t\t\t\t\t\t\t\t\t<div class=\"elementor-button-wrapper\">\n\t\t\t\t\t<a class=\"elementor-button elementor-button-link elementor-size-xl\" href=\"https:\/\/anomera.ca\/fr\/produits\/#DextraCel\">\n\t\t\t\t\t\t<span class=\"elementor-button-content-wrapper\">\n\t\t\t\t\t\t\t\t\t<span class=\"elementor-button-text\">EN SAVOIR PLUS SUR DEXTRACEL<sup>MD<\/sup><\/span>\n\t\t\t\t\t<\/span>\n\t\t\t\t\t<\/a>\n\t\t\t\t<\/div>\n\t\t\t\t\t\t\t\t<\/div>\n\t\t\t\t<\/div>\n\t\t\t\t<div class=\"elementor-element elementor-element-230dc47 elementor-align-justify elementor-hidden-mobile animated-slow elementor-invisible elementor-widget elementor-widget-button\" data-id=\"230dc47\" data-element_type=\"widget\" data-settings=\"{&quot;_animation&quot;:&quot;zoomIn&quot;,&quot;_animation_delay&quot;:500}\" data-widget_type=\"button.default\">\n\t\t\t\t<div class=\"elementor-widget-container\">\n\t\t\t\t\t\t\t\t\t<div class=\"elementor-button-wrapper\">\n\t\t\t\t\t<a class=\"elementor-button elementor-button-link elementor-size-xl\" href=\"https:\/\/anomera.ca\/fr\/demande-dechantillon\/\">\n\t\t\t\t\t\t<span class=\"elementor-button-content-wrapper\">\n\t\t\t\t\t\t\t\t\t<span class=\"elementor-button-text\">PARLEZ-NOUS DE VOTRE PROJET OU DEMANDEZ UN \u00c9CHANTILLON<\/span>\n\t\t\t\t\t<\/span>\n\t\t\t\t\t<\/a>\n\t\t\t\t<\/div>\n\t\t\t\t\t\t\t\t<\/div>\n\t\t\t\t<\/div>\n\t\t\t\t\t<\/div>\n\t\t<\/div>\n\t\t\t\t\t<\/div>\n\t\t<\/section>\n\t\t\t\t<\/div>\n\t\t","protected":false},"excerpt":{"rendered":"<p>ADH\u00c9SIFS SENSIBLES \u00c0 LA PRESSION DextraCelMD Permet de briser les barri\u00e8res de l\u2019industrie des adh\u00e9sifs sensibles \u00e0 la pression\u00e0 base aqueuse au moyen d\u2019un additif \u00e0 haute performance et faible dosage. Le cadre r\u00e9glementaire se resserre partout dans le monde pour les fabricants d\u2019adh\u00e9sifs acryliques sensibles \u00e0 la pression, qui se voient dans l\u2019obligation de [&hellip;]<\/p>\n","protected":false},"author":4,"featured_media":0,"parent":0,"menu_order":0,"comment_status":"closed","ping_status":"closed","template":"elementor_header_footer","meta":{"_acf_changed":false,"ocean_post_layout":"","ocean_both_sidebars_style":"","ocean_both_sidebars_content_width":0,"ocean_both_sidebars_sidebars_width":0,"ocean_sidebar":"0","ocean_second_sidebar":"0","ocean_disable_margins":"enable","ocean_add_body_class":"","ocean_shortcode_before_top_bar":"","ocean_shortcode_after_top_bar":"","ocean_shortcode_before_header":"","ocean_shortcode_after_header":"","ocean_has_shortcode":"","ocean_shortcode_after_title":"","ocean_shortcode_before_footer_widgets":"","ocean_shortcode_after_footer_widgets":"","ocean_shortcode_before_footer_bottom":"","ocean_shortcode_after_footer_bottom":"","ocean_display_top_bar":"default","ocean_display_header":"default","ocean_header_style":"","ocean_center_header_left_menu":"0","ocean_custom_header_template":"0","ocean_custom_logo":0,"ocean_custom_retina_logo":0,"ocean_custom_logo_max_width":0,"ocean_custom_logo_tablet_max_width":0,"ocean_custom_logo_mobile_max_width":0,"ocean_custom_logo_max_height":0,"ocean_custom_logo_tablet_max_height":0,"ocean_custom_logo_mobile_max_height":0,"ocean_header_custom_menu":"0","ocean_menu_typo_font_family":"0","ocean_menu_typo_font_subset":"","ocean_menu_typo_font_size":0,"ocean_menu_typo_font_size_tablet":0,"ocean_menu_typo_font_size_mobile":0,"ocean_menu_typo_font_size_unit":"px","ocean_menu_typo_font_weight":"","ocean_menu_typo_font_weight_tablet":"","ocean_menu_typo_font_weight_mobile":"","ocean_menu_typo_transform":"","ocean_menu_typo_transform_tablet":"","ocean_menu_typo_transform_mobile":"","ocean_menu_typo_line_height":0,"ocean_menu_typo_line_height_tablet":0,"ocean_menu_typo_line_height_mobile":0,"ocean_menu_typo_line_height_unit":"","ocean_menu_typo_spacing":0,"ocean_menu_typo_spacing_tablet":0,"ocean_menu_typo_spacing_mobile":0,"ocean_menu_typo_spacing_unit":"","ocean_menu_link_color":"","ocean_menu_link_color_hover":"","ocean_menu_link_color_active":"","ocean_menu_link_background":"","ocean_menu_link_hover_background":"","ocean_menu_link_active_background":"","ocean_menu_social_links_bg":"","ocean_menu_social_hover_links_bg":"","ocean_menu_social_links_color":"","ocean_menu_social_hover_links_color":"","ocean_disable_title":"on","ocean_disable_heading":"default","ocean_post_title":"","ocean_post_subheading":"","ocean_post_title_style":"","ocean_post_title_background_color":"","ocean_post_title_background":0,"ocean_post_title_bg_image_position":"","ocean_post_title_bg_image_attachment":"","ocean_post_title_bg_image_repeat":"","ocean_post_title_bg_image_size":"","ocean_post_title_height":0,"ocean_post_title_bg_overlay":0.5,"ocean_post_title_bg_overlay_color":"","ocean_disable_breadcrumbs":"default","ocean_breadcrumbs_color":"","ocean_breadcrumbs_separator_color":"","ocean_breadcrumbs_links_color":"","ocean_breadcrumbs_links_hover_color":"","ocean_display_footer_widgets":"default","ocean_display_footer_bottom":"default","ocean_custom_footer_template":"0","footnotes":""},"class_list":["post-8463","page","type-page","status-publish","hentry","entry"],"acf":[],"_links":{"self":[{"href":"https:\/\/anomera.ca\/fr\/wp-json\/wp\/v2\/pages\/8463","targetHints":{"allow":["GET"]}}],"collection":[{"href":"https:\/\/anomera.ca\/fr\/wp-json\/wp\/v2\/pages"}],"about":[{"href":"https:\/\/anomera.ca\/fr\/wp-json\/wp\/v2\/types\/page"}],"author":[{"embeddable":true,"href":"https:\/\/anomera.ca\/fr\/wp-json\/wp\/v2\/users\/4"}],"replies":[{"embeddable":true,"href":"https:\/\/anomera.ca\/fr\/wp-json\/wp\/v2\/comments?post=8463"}],"version-history":[{"count":0,"href":"https:\/\/anomera.ca\/fr\/wp-json\/wp\/v2\/pages\/8463\/revisions"}],"wp:attachment":[{"href":"https:\/\/anomera.ca\/fr\/wp-json\/wp\/v2\/media?parent=8463"}],"curies":[{"name":"wp","href":"https:\/\/api.w.org\/{rel}","templated":true}]}}