{"id":9153,"date":"2024-06-27T18:44:24","date_gmt":"2024-06-27T18:44:24","guid":{"rendered":"https:\/\/anomera.ca\/emploi\/"},"modified":"2024-12-29T08:13:49","modified_gmt":"2024-12-29T08:13:49","slug":"emploi","status":"publish","type":"page","link":"https:\/\/anomera.ca\/fr\/emploi\/","title":{"rendered":"emploi"},"content":{"rendered":"\t\t<div data-elementor-type=\"wp-page\" data-elementor-id=\"9153\" class=\"elementor elementor-9153 elementor-9136\">\n\t\t\t\t\t\t<section class=\"elementor-section elementor-top-section elementor-element elementor-element-5a8911e elementor-section-boxed elementor-section-height-default elementor-section-height-default\" data-id=\"5a8911e\" data-element_type=\"section\" data-settings=\"{&quot;background_background&quot;:&quot;classic&quot;}\">\n\t\t\t\t\t\t<div class=\"elementor-container elementor-column-gap-default\">\n\t\t\t\t\t<div class=\"elementor-column elementor-col-100 elementor-top-column elementor-element elementor-element-bfc813b\" data-id=\"bfc813b\" data-element_type=\"column\">\n\t\t\t<div class=\"elementor-widget-wrap elementor-element-populated\">\n\t\t\t\t\t\t<div class=\"elementor-element elementor-element-3f763cb animated-slow elementor-invisible elementor-widget elementor-widget-heading\" data-id=\"3f763cb\" data-element_type=\"widget\" data-settings=\"{&quot;_animation&quot;:&quot;fadeInLeft&quot;,&quot;_animation_delay&quot;:500}\" data-widget_type=\"heading.default\">\n\t\t\t\t<div class=\"elementor-widget-container\">\n\t\t\t\t\t<h1 class=\"elementor-heading-title elementor-size-default\">TRAVAILLEZ AVEC NOUS<\/h1>\t\t\t\t<\/div>\n\t\t\t\t<\/div>\n\t\t\t\t\t<\/div>\n\t\t<\/div>\n\t\t\t\t\t<\/div>\n\t\t<\/section>\n\t\t\t\t<section class=\"elementor-section elementor-top-section elementor-element elementor-element-dbc813d elementor-section-boxed elementor-section-height-default elementor-section-height-default\" data-id=\"dbc813d\" data-element_type=\"section\">\n\t\t\t\t\t\t<div class=\"elementor-container elementor-column-gap-default\">\n\t\t\t\t\t<div class=\"elementor-column elementor-col-100 elementor-top-column elementor-element elementor-element-73fe941\" data-id=\"73fe941\" data-element_type=\"column\">\n\t\t\t<div class=\"elementor-widget-wrap elementor-element-populated\">\n\t\t\t\t\t\t<div class=\"elementor-element elementor-element-105be30 elementor-widget elementor-widget-heading\" data-id=\"105be30\" data-element_type=\"widget\" data-widget_type=\"heading.default\">\n\t\t\t\t<div class=\"elementor-widget-container\">\n\t\t\t\t\t<h4 class=\"elementor-heading-title elementor-size-default\">Rejoignez notre \u00e9quipe et, ensemble, nous fa\u00e7onnerons l'avenir avec la cellulose !<\/h4>\t\t\t\t<\/div>\n\t\t\t\t<\/div>\n\t\t\t\t<div class=\"elementor-element elementor-element-6142681 elementor-widget elementor-widget-heading\" data-id=\"6142681\" data-element_type=\"widget\" data-widget_type=\"heading.default\">\n\t\t\t\t<div class=\"elementor-widget-container\">\n\t\t\t\t\t<h2 class=\"elementor-heading-title elementor-size-default\">POSTES OUVERTS<\/h2>\t\t\t\t<\/div>\n\t\t\t\t<\/div>\n\t\t\t\t\t<\/div>\n\t\t<\/div>\n\t\t\t\t\t<\/div>\n\t\t<\/section>\n\t\t\t\t<section class=\"elementor-section elementor-top-section elementor-element elementor-element-b07c653 elementor-section-boxed elementor-section-height-default elementor-section-height-default\" data-id=\"b07c653\" data-element_type=\"section\">\n\t\t\t\t\t\t<div class=\"elementor-container elementor-column-gap-default\">\n\t\t\t\t\t<div class=\"elementor-column elementor-col-33 elementor-top-column elementor-element elementor-element-3a9b00e\" data-id=\"3a9b00e\" data-element_type=\"column\">\n\t\t\t<div class=\"elementor-widget-wrap elementor-element-populated\">\n\t\t\t\t\t\t<section class=\"elementor-section elementor-inner-section elementor-element elementor-element-7ab76c7 elementor-section-boxed elementor-section-height-default elementor-section-height-default\" data-id=\"7ab76c7\" data-element_type=\"section\">\n\t\t\t\t\t\t<div class=\"elementor-container elementor-column-gap-default\">\n\t\t\t\t\t<div class=\"elementor-column elementor-col-100 elementor-inner-column elementor-element elementor-element-f5da299\" data-id=\"f5da299\" data-element_type=\"column\">\n\t\t\t<div class=\"elementor-widget-wrap elementor-element-populated\">\n\t\t\t\t\t\t<div class=\"elementor-element elementor-element-53d65a4 elementor-widget elementor-widget-image\" data-id=\"53d65a4\" data-element_type=\"widget\" data-widget_type=\"image.default\">\n\t\t\t\t<div class=\"elementor-widget-container\">\n\t\t\t\t\t\t\t\t\t\t\t\t\t\t\t\t<a href=\"https:\/\/anomera.ca\/fr\/entreprise\/\">\n\t\t\t\t\t\t\t<img fetchpriority=\"high\" decoding=\"async\" width=\"497\" height=\"395\" src=\"https:\/\/anomera.ca\/wp-content\/uploads\/2022\/04\/corporate-bg.png\" class=\"attachment-large size-large wp-image-6691\" alt=\"\" srcset=\"https:\/\/anomera.ca\/wp-content\/uploads\/2022\/04\/corporate-bg.png 497w, https:\/\/anomera.ca\/wp-content\/uploads\/2022\/04\/corporate-bg-300x238.png 300w\" sizes=\"(max-width: 497px) 100vw, 497px\" \/>\t\t\t\t\t\t\t\t<\/a>\n\t\t\t\t\t\t\t\t\t\t\t\t\t\t\t<\/div>\n\t\t\t\t<\/div>\n\t\t\t\t<div class=\"elementor-element elementor-element-bcba0c2 elementor-widget elementor-widget-heading\" data-id=\"bcba0c2\" data-element_type=\"widget\" data-widget_type=\"heading.default\">\n\t\t\t\t<div class=\"elementor-widget-container\">\n\t\t\t\t\t<h2 class=\"elementor-heading-title elementor-size-default\"><a href=\"https:\/\/anomera.ca\/fr\/entreprise\/\">ENTREPRISE<\/a><\/h2>\t\t\t\t<\/div>\n\t\t\t\t<\/div>\n\t\t\t\t\t<\/div>\n\t\t<\/div>\n\t\t\t\t\t<\/div>\n\t\t<\/section>\n\t\t\t\t\t<\/div>\n\t\t<\/div>\n\t\t\t\t<div class=\"elementor-column elementor-col-33 elementor-top-column elementor-element elementor-element-2440af7\" data-id=\"2440af7\" data-element_type=\"column\">\n\t\t\t<div class=\"elementor-widget-wrap elementor-element-populated\">\n\t\t\t\t\t\t<section class=\"elementor-section elementor-inner-section elementor-element elementor-element-d87084c elementor-section-boxed elementor-section-height-default elementor-section-height-default\" data-id=\"d87084c\" data-element_type=\"section\">\n\t\t\t\t\t\t<div class=\"elementor-container elementor-column-gap-default\">\n\t\t\t\t\t<div class=\"elementor-column elementor-col-100 elementor-inner-column elementor-element elementor-element-9e52074\" data-id=\"9e52074\" data-element_type=\"column\">\n\t\t\t<div class=\"elementor-widget-wrap elementor-element-populated\">\n\t\t\t\t\t\t<div class=\"elementor-element elementor-element-00fea65 elementor-widget elementor-widget-image\" data-id=\"00fea65\" data-element_type=\"widget\" data-widget_type=\"image.default\">\n\t\t\t\t<div class=\"elementor-widget-container\">\n\t\t\t\t\t\t\t\t\t\t\t\t\t\t\t\t<a href=\"https:\/\/anomera.ca\/fr\/developpement-de-la-recherche\/\">\n\t\t\t\t\t\t\t<img decoding=\"async\" width=\"403\" height=\"259\" src=\"https:\/\/anomera.ca\/wp-content\/uploads\/2022\/04\/lab-bg.png\" class=\"attachment-large size-large wp-image-6692\" alt=\"\" srcset=\"https:\/\/anomera.ca\/wp-content\/uploads\/2022\/04\/lab-bg.png 403w, https:\/\/anomera.ca\/wp-content\/uploads\/2022\/04\/lab-bg-300x193.png 300w\" sizes=\"(max-width: 403px) 100vw, 403px\" \/>\t\t\t\t\t\t\t\t<\/a>\n\t\t\t\t\t\t\t\t\t\t\t\t\t\t\t<\/div>\n\t\t\t\t<\/div>\n\t\t\t\t<div class=\"elementor-element elementor-element-088cf20 elementor-widget elementor-widget-heading\" data-id=\"088cf20\" data-element_type=\"widget\" data-widget_type=\"heading.default\">\n\t\t\t\t<div class=\"elementor-widget-container\">\n\t\t\t\t\t<h2 class=\"elementor-heading-title elementor-size-default\"><a href=\"https:\/\/anomera.ca\/fr\/developpement-de-la-recherche\/\">RECHERCHE &amp; D\u00c9VELOPPEMENT<\/a><\/h2>\t\t\t\t<\/div>\n\t\t\t\t<\/div>\n\t\t\t\t\t<\/div>\n\t\t<\/div>\n\t\t\t\t\t<\/div>\n\t\t<\/section>\n\t\t\t\t\t<\/div>\n\t\t<\/div>\n\t\t\t\t<div class=\"elementor-column elementor-col-33 elementor-top-column elementor-element elementor-element-732255b\" data-id=\"732255b\" data-element_type=\"column\">\n\t\t\t<div class=\"elementor-widget-wrap elementor-element-populated\">\n\t\t\t\t\t\t<section class=\"elementor-section elementor-inner-section elementor-element elementor-element-8b4c3da elementor-section-boxed elementor-section-height-default elementor-section-height-default\" data-id=\"8b4c3da\" data-element_type=\"section\">\n\t\t\t\t\t\t<div class=\"elementor-container elementor-column-gap-default\">\n\t\t\t\t\t<div class=\"elementor-column elementor-col-100 elementor-inner-column elementor-element elementor-element-e59f589\" data-id=\"e59f589\" data-element_type=\"column\">\n\t\t\t<div class=\"elementor-widget-wrap elementor-element-populated\">\n\t\t\t\t\t\t<div class=\"elementor-element elementor-element-cd35eda elementor-widget elementor-widget-image\" data-id=\"cd35eda\" data-element_type=\"widget\" data-widget_type=\"image.default\">\n\t\t\t\t<div class=\"elementor-widget-container\">\n\t\t\t\t\t\t\t\t\t\t\t\t\t\t\t\t<a href=\"https:\/\/anomera.ca\/fr\/industriel\/\">\n\t\t\t\t\t\t\t<img decoding=\"async\" width=\"1024\" height=\"870\" src=\"https:\/\/anomera.ca\/wp-content\/uploads\/2022\/04\/off-e1651262058766-1024x870.jpg\" class=\"attachment-large size-large wp-image-6673\" alt=\"\" srcset=\"https:\/\/anomera.ca\/wp-content\/uploads\/2022\/04\/off-e1651262058766-1024x870.jpg 1024w, https:\/\/anomera.ca\/wp-content\/uploads\/2022\/04\/off-e1651262058766-300x255.jpg 300w, https:\/\/anomera.ca\/wp-content\/uploads\/2022\/04\/off-e1651262058766-768x653.jpg 768w, https:\/\/anomera.ca\/wp-content\/uploads\/2022\/04\/off-e1651262058766-504x428.jpg 504w, https:\/\/anomera.ca\/wp-content\/uploads\/2022\/04\/off-e1651262058766.jpg 1073w\" sizes=\"(max-width: 1024px) 100vw, 1024px\" \/>\t\t\t\t\t\t\t\t<\/a>\n\t\t\t\t\t\t\t\t\t\t\t\t\t\t\t<\/div>\n\t\t\t\t<\/div>\n\t\t\t\t<div class=\"elementor-element elementor-element-110a309 elementor-widget elementor-widget-heading\" data-id=\"110a309\" data-element_type=\"widget\" data-widget_type=\"heading.default\">\n\t\t\t\t<div class=\"elementor-widget-container\">\n\t\t\t\t\t<h2 class=\"elementor-heading-title elementor-size-default\"><a href=\"https:\/\/anomera.ca\/fr\/industriel\/\">INDUSTRIEL<\/a><\/h2>\t\t\t\t<\/div>\n\t\t\t\t<\/div>\n\t\t\t\t\t<\/div>\n\t\t<\/div>\n\t\t\t\t\t<\/div>\n\t\t<\/section>\n\t\t\t\t\t<\/div>\n\t\t<\/div>\n\t\t\t\t\t<\/div>\n\t\t<\/section>\n\t\t\t\t<section class=\"elementor-section elementor-top-section elementor-element elementor-element-8c9e68c elementor-section-boxed elementor-section-height-default elementor-section-height-default\" data-id=\"8c9e68c\" data-element_type=\"section\">\n\t\t\t\t\t\t<div class=\"elementor-container elementor-column-gap-default\">\n\t\t\t\t\t<div class=\"elementor-column elementor-col-100 elementor-top-column elementor-element elementor-element-85459f5\" data-id=\"85459f5\" data-element_type=\"column\">\n\t\t\t<div class=\"elementor-widget-wrap elementor-element-populated\">\n\t\t\t\t\t\t<div class=\"elementor-element elementor-element-33bbbc8 elementor-widget elementor-widget-heading\" data-id=\"33bbbc8\" data-element_type=\"widget\" data-widget_type=\"heading.default\">\n\t\t\t\t<div class=\"elementor-widget-container\">\n\t\t\t\t\t<p class=\"elementor-heading-title elementor-size-default\">Chez Anomera, les personnes sont notre atout le plus pr\u00e9cieux. Notre \u00e9quipe s'agrandit et nous recherchons des personnes talentueuses qui souhaitent faire partie d'une entreprise passionn\u00e9e par l'innovation, ax\u00e9e sur la chimie verte et la fabrication de pointe. Nous nous employons \u00e0 red\u00e9finir la cellulose pour l'avenir.<\/p>\t\t\t\t<\/div>\n\t\t\t\t<\/div>\n\t\t\t\t<div class=\"elementor-element elementor-element-4a324ed elementor-widget elementor-widget-heading\" data-id=\"4a324ed\" data-element_type=\"widget\" data-widget_type=\"heading.default\">\n\t\t\t\t<div class=\"elementor-widget-container\">\n\t\t\t\t\t<p class=\"elementor-heading-title elementor-size-default\">Anomera est un employeur garantissant l'\u00e9galit\u00e9 des chances et tous les candidats qualifi\u00e9s seront consid\u00e9r\u00e9s pour un emploi sans distinction de race, de couleur, de religion, de sexe, d'origine nationale, de statut d'invalidit\u00e9, de statut d'ancien combattant prot\u00e9g\u00e9 ou de toute autre caract\u00e9ristique prot\u00e9g\u00e9e par la loi. Comme nos employ\u00e9s sont notre plus grand atout, Anomera s'engage \u00e0 respecter la sant\u00e9, la s\u00e9curit\u00e9 et les droits de l'homme. <\/p>\t\t\t\t<\/div>\n\t\t\t\t<\/div>\n\t\t\t\t<div class=\"elementor-element elementor-element-3bc0e62 elementor-widget elementor-widget-heading\" data-id=\"3bc0e62\" data-element_type=\"widget\" data-widget_type=\"heading.default\">\n\t\t\t\t<div class=\"elementor-widget-container\">\n\t\t\t\t\t<p class=\"elementor-heading-title elementor-size-default\">Anomera offre des avantages comp\u00e9titifs et s'efforce de cr\u00e9er un environnement qui non seulement permet une croissance professionnelle et personnelle, mais est un endroit o\u00f9 nous aimons travailler ensemble.<\/p>\t\t\t\t<\/div>\n\t\t\t\t<\/div>\n\t\t\t\t\t<\/div>\n\t\t<\/div>\n\t\t\t\t\t<\/div>\n\t\t<\/section>\n\t\t\t\t<\/div>\n\t\t","protected":false},"excerpt":{"rendered":"<p>TRAVAILLEZ AVEC NOUS Rejoignez notre \u00e9quipe et, ensemble, nous fa\u00e7onnerons l&rsquo;avenir avec la cellulose ! POSTES OUVERTS ENTREPRISE RECHERCHE &amp; D\u00c9VELOPPEMENT INDUSTRIEL Chez Anomera, les personnes sont notre atout le plus pr\u00e9cieux. Notre \u00e9quipe s&rsquo;agrandit et nous recherchons des personnes talentueuses qui souhaitent faire partie d&rsquo;une entreprise passionn\u00e9e par l&rsquo;innovation, ax\u00e9e sur la chimie verte [&hellip;]<\/p>\n","protected":false},"author":4,"featured_media":0,"parent":0,"menu_order":0,"comment_status":"closed","ping_status":"closed","template":"elementor_header_footer","meta":{"_acf_changed":false,"ocean_post_layout":"","ocean_both_sidebars_style":"","ocean_both_sidebars_content_width":0,"ocean_both_sidebars_sidebars_width":0,"ocean_sidebar":"","ocean_second_sidebar":"","ocean_disable_margins":"enable","ocean_add_body_class":"","ocean_shortcode_before_top_bar":"","ocean_shortcode_after_top_bar":"","ocean_shortcode_before_header":"","ocean_shortcode_after_header":"","ocean_has_shortcode":"","ocean_shortcode_after_title":"","ocean_shortcode_before_footer_widgets":"","ocean_shortcode_after_footer_widgets":"","ocean_shortcode_before_footer_bottom":"","ocean_shortcode_after_footer_bottom":"","ocean_display_top_bar":"default","ocean_display_header":"default","ocean_header_style":"","ocean_center_header_left_menu":"","ocean_custom_header_template":"","ocean_custom_logo":0,"ocean_custom_retina_logo":0,"ocean_custom_logo_max_width":0,"ocean_custom_logo_tablet_max_width":0,"ocean_custom_logo_mobile_max_width":0,"ocean_custom_logo_max_height":0,"ocean_custom_logo_tablet_max_height":0,"ocean_custom_logo_mobile_max_height":0,"ocean_header_custom_menu":"","ocean_menu_typo_font_family":"","ocean_menu_typo_font_subset":"","ocean_menu_typo_font_size":0,"ocean_menu_typo_font_size_tablet":0,"ocean_menu_typo_font_size_mobile":0,"ocean_menu_typo_font_size_unit":"px","ocean_menu_typo_font_weight":"","ocean_menu_typo_font_weight_tablet":"","ocean_menu_typo_font_weight_mobile":"","ocean_menu_typo_transform":"","ocean_menu_typo_transform_tablet":"","ocean_menu_typo_transform_mobile":"","ocean_menu_typo_line_height":0,"ocean_menu_typo_line_height_tablet":0,"ocean_menu_typo_line_height_mobile":0,"ocean_menu_typo_line_height_unit":"","ocean_menu_typo_spacing":0,"ocean_menu_typo_spacing_tablet":0,"ocean_menu_typo_spacing_mobile":0,"ocean_menu_typo_spacing_unit":"","ocean_menu_link_color":"","ocean_menu_link_color_hover":"","ocean_menu_link_color_active":"","ocean_menu_link_background":"","ocean_menu_link_hover_background":"","ocean_menu_link_active_background":"","ocean_menu_social_links_bg":"","ocean_menu_social_hover_links_bg":"","ocean_menu_social_links_color":"","ocean_menu_social_hover_links_color":"","ocean_disable_title":"on","ocean_disable_heading":"default","ocean_post_title":"","ocean_post_subheading":"","ocean_post_title_style":"","ocean_post_title_background_color":"","ocean_post_title_background":0,"ocean_post_title_bg_image_position":"","ocean_post_title_bg_image_attachment":"","ocean_post_title_bg_image_repeat":"","ocean_post_title_bg_image_size":"","ocean_post_title_height":0,"ocean_post_title_bg_overlay":0.5,"ocean_post_title_bg_overlay_color":"","ocean_disable_breadcrumbs":"default","ocean_breadcrumbs_color":"","ocean_breadcrumbs_separator_color":"","ocean_breadcrumbs_links_color":"","ocean_breadcrumbs_links_hover_color":"","ocean_display_footer_widgets":"default","ocean_display_footer_bottom":"default","ocean_custom_footer_template":"","footnotes":""},"class_list":["post-9153","page","type-page","status-publish","hentry","entry"],"acf":[],"_links":{"self":[{"href":"https:\/\/anomera.ca\/fr\/wp-json\/wp\/v2\/pages\/9153","targetHints":{"allow":["GET"]}}],"collection":[{"href":"https:\/\/anomera.ca\/fr\/wp-json\/wp\/v2\/pages"}],"about":[{"href":"https:\/\/anomera.ca\/fr\/wp-json\/wp\/v2\/types\/page"}],"author":[{"embeddable":true,"href":"https:\/\/anomera.ca\/fr\/wp-json\/wp\/v2\/users\/4"}],"replies":[{"embeddable":true,"href":"https:\/\/anomera.ca\/fr\/wp-json\/wp\/v2\/comments?post=9153"}],"version-history":[{"count":0,"href":"https:\/\/anomera.ca\/fr\/wp-json\/wp\/v2\/pages\/9153\/revisions"}],"wp:attachment":[{"href":"https:\/\/anomera.ca\/fr\/wp-json\/wp\/v2\/media?parent=9153"}],"curies":[{"name":"wp","href":"https:\/\/api.w.org\/{rel}","templated":true}]}}